{"id":14,"date":"2022-11-07T19:01:24","date_gmt":"2022-11-07T18:01:24","guid":{"rendered":"https:\/\/www.dynamical-neurofeedback-brest.org\/?page_id=14"},"modified":"2024-09-18T18:16:44","modified_gmt":"2024-09-18T16:16:44","slug":"quest-ce-que-neuroptimal","status":"publish","type":"page","link":"https:\/\/www.dynamical-neurofeedback-brest.org\/","title":{"rendered":"QU\u2019EST-CE QUE NEUROPTIMAL\u00ae ?"},"content":{"rendered":"\n<h2 class=\"wp-block-heading\" id=\"block-efec122f-e908-40cc-ab2b-3aa9f7a0bd80\">Simple et intuitif<\/h2>\n\n\n\n<p id=\"block-6091f43b-5557-43dc-be80-54c823a2f568\">D\u00e9velopp\u00e9 par des psychologues cliniciens, la m\u00e9thode NeurOptimal&nbsp;<sup>\u00ae<\/sup>&nbsp;est le premier et le seul&nbsp;syst\u00e8me d&rsquo;entra\u00eenement c\u00e9r\u00e9bral<br>Dynamical Neurofeedback&nbsp;<sup>\u00ae<\/sup>&nbsp;au monde con\u00e7u pour un usage domestique et professionnel.<\/p>\n\n\n\n<h2 class=\"wp-block-heading\" id=\"block-b27e1ab5-9687-4241-ae7e-292b2613bee7\"><strong>La m\u00e9thode NeurOptimal<\/strong><\/h2>\n\n\n\n<p id=\"block-a1f953f0-6ff3-4798-a5fc-6e81f368226f\">Des d\u00e9couvertes r\u00e9centes ont r\u00e9volutionn\u00e9 l\u2019approche du comportement humain et en particulier celles concernant le fonctionnement c\u00e9r\u00e9bral.<\/p>\n\n\n<div class=\"wp-block-image is-style-rounded\">\n<figure class=\"aligncenter is-resized\" id=\"block-0e39e6c4-c6ad-4eac-9190-8b08ba3ae7d5\"><img decoding=\"async\" src=\"https:\/\/reguletoncerveau.com\/wp-content\/uploads\/2020\/05\/neuroptimal-978x1024.jpg\" alt=\"La m\u00e9thode NeurOptimal\" style=\"width:275px;height:288px\"\/><\/figure>\n<\/div>\n\n\n<p id=\"block-60dd596c-eff8-43eb-8f1c-0235e56d28aa\"><br><font _mstmutation=\"1\" _msthash=\"1029512\" _msttexthash=\"26139919\">Notre cerveau est une structure dynamique capable de traiter une quantit\u00e9 massive d\u2019informations, de d\u00e9velopper des solutions et de les appliquer pour augmenter son efficacit\u00e9. <br><\/font><font _mstmutation=\"1\" _msthash=\"1029513\"><\/font><\/p>\n\n\n<div class=\"wp-block-image\">\n<figure class=\"alignright is-resized\" id=\"block-0cd2820f-025c-418e-bd66-f021475ba6af\"><img decoding=\"async\" src=\"https:\/\/reguletoncerveau.com\/wp-content\/uploads\/2020\/05\/texte-2.jpg\" alt=\"Comment est n\u00e9 le Neurofeeback\" style=\"width:507px;height:603px\"\/><\/figure>\n<\/div>\n\n\n<p id=\"block-50531b0a-1309-4dd8-bbba-4fddcfda2f5b\">NeurOptimal\u00ae est une technologie de pointe consid\u00e9rablement \u00e9volu\u00e9e, utilisant un logiciel math\u00e9matique en 4D. NeurOptimal\u00ae est capable de renforcer l\u2019incroyable potentiel naturel c\u00e9r\u00e9bral en l\u2019aidant \u00e0 un meilleur traitement d\u2019informations. Ceci sans intervenir, ni manipuler ni imposer.<\/p>\n\n\n\n<p id=\"block-c40f8f79-f912-491e-9d34-c07efedd4d1b\">Il s\u2019agit d\u2019une approche globale dont les effets b\u00e9n\u00e9fiques sont visibles dans de tr\u00e8s nombreux domaines.<\/p>\n\n\n\n<p id=\"block-170de440-d6a9-404f-8046-4d6a95cb7906\"><br>Cette m\u00e9thode holistique* ne vise pas une probl\u00e9matique en particulier mais peut procurer un bien-\u00eatre g\u00e9n\u00e9ral.<\/p>\n\n\n\n<p id=\"block-79e50b50-ee29-410e-9b2e-a85a0c11d353\"><br>C\u2019est un entra\u00eenement c\u00e9r\u00e9bral qui interagit avec votre cerveau \u00e0 raison de 256 fois par seconde. Il est non invasif, indolore, doux et peut \u00eatre utilis\u00e9 de fa\u00e7on r\u00e9guli\u00e8re sans aucun danger.<br>\ufeff<\/p>\n\n\n\n<p id=\"block-ae2907bc-87a9-45aa-89fc-710cf5c8de39\">NeurOptimal\u00ae est utilis\u00e9 dans le cadre d\u2019une recherche de bien\u2011\u00eatre mais aussi pour aider \u00e0 l\u2019am\u00e9lioration des performances et de la cr\u00e9ativit\u00e9.<\/p>\n\n\n\n<figure class=\"wp-block-image\" id=\"block-e45bb057-2096-4b61-993d-2c4b86b3a41a\"><img decoding=\"async\" src=\"https:\/\/reguletoncerveau.com\/wp-content\/uploads\/2020\/05\/have-you-train-your-brain-today.jpg\" alt=\"M\u00e9thode NeurOptimale\"\/><\/figure>\n\n\n\n<p id=\"block-20cffbf3-6620-48da-85b4-2c39c0955558\">*Le terme d\u00e9signe des m\u00e9thodes qui seraient fond\u00e9es sur la notion d\u2019un soin apport\u00e9 en tenant compte de la \u00ab globalit\u00e9 de l\u2019\u00eatre humain \u00bb : physique, \u00e9motionnel, mental\u2026<br>**Avez-vous entrain\u00e9 votre cerveau aujourd\u2019hui ?<\/p>\n\n\n\n<h3 class=\"wp-block-heading\" id=\"block-e666837e-5a60-4850-8b23-e31f87397e94\"><strong>POUR QUI S&rsquo;ADRESSE LA M\u00c9THODE NEUROPTIMAL ?<\/strong><\/h3>\n\n\n\n<h2 class=\"wp-block-heading\" id=\"block-cd12575e-c6ba-494e-b79d-665ee0603d1f\">La m\u00e9thode NeurOptimal s\u2019adresse \u00e0&nbsp;<strong>tous<\/strong>&nbsp;et convient \u00e0&nbsp;<strong>tous les \u00e2ges de la vie<\/strong>.<\/h2>\n\n\n\n<h2 class=\"wp-block-heading\" id=\"block-9fa4b035-77c4-4a2c-acae-e83d50c73613\"><strong>Pour les enfants<\/strong><\/h2>\n\n\n\n<figure class=\"wp-block-image is-style-rounded\" id=\"block-3a0e1390-bb01-467c-bca9-d64c6228e3f2\"><img decoding=\"async\" src=\"http:\/\/brainconnection.fr\/wp-content\/uploads\/2019\/02\/th.jpg\" alt=\"La m\u00e9thode NeurOptimal pour les enfants\"\/><\/figure>\n\n\n\n<figure class=\"wp-block-image is-style-rounded\" id=\"block-44559fb7-491b-42d6-ae89-da31d9563739\"><img decoding=\"async\" src=\"http:\/\/brainconnection.fr\/wp-content\/uploads\/2019\/02\/helping-children-deal-with-anger.jpg\" alt=\"La m\u00e9thode NeurOptimal pour les enfants\"\/><\/figure>\n\n\n\n<p id=\"block-aa2aa2cb-bdf5-43cd-8ffe-4d0d19fe35db\">Pas si facile d\u2019\u00eatre parents ! Nos enfants nous fascinent autant qu\u2019ils nous d\u00e9routent. R\u00e9actions parfois excessives, comportements violents, troubles du langage\u2026 Comment faire face \u00e0 leurs petits et gros probl\u00e8mes psychologiques. Certaines \u00e9tapes de la vie sont difficiles \u00e0 surmonter, d\u2019autant plus lorsque l\u2019on est enfant et que l\u2019on ne comprend pas tout ce qui se passe autour de soi. Le&nbsp;<strong>Dynamical Neurofeedback<\/strong><sup><strong>\u00ae<\/strong><\/sup>&nbsp;peut aider vos enfants dans le cadre de : Troubles des apprentissages (dyslexies, dyspraxies\u2026), troubles de l\u2019attention, de la concentration, impulsivit\u00e9, agressivit\u00e9, hyperactivit\u00e9, troubles du comportement, \u00e9pilepsie, troubles du sommeil, bruxisme, \u00e9nur\u00e9sie, cauchemars, terreurs nocturnes, troubles alimentaires.<\/p>\n\n\n\n<h2 class=\"wp-block-heading\" id=\"block-fce19c07-f2cb-4daf-9684-d4cf3b1bf8bc\"><strong>Pour les adolescents<\/strong><\/h2>\n\n\n\n<figure class=\"wp-block-image is-resized is-style-rounded\" id=\"block-834b0994-f055-4041-af3d-37e7b6cbb6af\"><img decoding=\"async\" src=\"http:\/\/brainconnection.fr\/wp-content\/uploads\/2020\/05\/groupe-dadolescents-1.jpg\" alt=\"La m\u00e9thode NeurOptimal pour les adolescents\" style=\"width:432px;height:243px\"\/><\/figure>\n\n\n\n<p id=\"block-5043ce8b-63f0-4845-968e-90644a1fd71a\">Votre enfant est aujourd\u2019hui un adolescent en pleine forme, avide d\u2019ind\u00e9pendance et d\u2019autonomie n\u00e9anmoins, de la crise d\u2019ado aux troubles du comportement alimentaire en passant par les difficult\u00e9s scolaires, le&nbsp;<strong>Dynamical Neurofeedback<\/strong><sup><strong>\u00ae<\/strong><\/sup>&nbsp;peut vous aider \u00e0 l\u2019accompagner dans cette \u00e9tape importante.<\/p>\n\n\n\n<h2 class=\"wp-block-heading\" id=\"block-1666464d-d97b-4400-aa74-45c96d0ef424\"><strong>Pour les \u00e9tudiants<\/strong><\/h2>\n\n\n\n<figure class=\"wp-block-image is-resized is-style-rounded\" id=\"block-61fd787f-bac2-43b3-9405-18b30099c608\"><img decoding=\"async\" src=\"http:\/\/brainconnection.fr\/wp-content\/uploads\/2019\/02\/etudiants-groupe-1170x585-1-1024x512.jpg\" alt=\"La m\u00e9thode NeurOptimal pour les \u00e9tudiants\" style=\"width:384px;height:192px\"\/><\/figure>\n\n\n\n<p id=\"block-5809c56f-73c1-42af-868a-1f9e7f294995\">Le&nbsp;<strong>Dynamical Neurofeedback<\/strong><sup><strong>\u00ae<\/strong><\/sup>&nbsp;accompagne l\u2019\u00e9tudiant dans sa gestion du stress et aide \u00e0 r\u00e9soudre les probl\u00e8mes de fatigue, et d\u2019insomnie. Il peut aider \u00e0 am\u00e9liorer, en quelques s\u00e9ances, la m\u00e9moire, la concentration et l\u2019organisation.<\/p>\n\n\n\n<h2 class=\"wp-block-heading\" id=\"block-30e9e733-c89d-4b61-93c2-0266f7886137\"><strong>Pour les adultes<\/strong><\/h2>\n\n\n\n<figure class=\"wp-block-image is-resized is-style-rounded\" id=\"block-bf59544c-8a67-4542-b743-9776a07340c9\"><img decoding=\"async\" src=\"http:\/\/brainconnection.fr\/wp-content\/uploads\/2019\/02\/adulte-es1.png\" alt=\"La m\u00e9thode NeurOptimal pour les adultes\" style=\"width:263px;height:194px\"\/><\/figure>\n\n\n\n<p id=\"block-3e705d8e-8612-47fa-b357-1904f0493924\">Le&nbsp;<em><strong>Neurofeedback<\/strong><\/em>&nbsp;peut vous aider pour :<\/p>\n\n\n\n<ul id=\"block-9a7156ca-37f7-49b7-bce1-86361a532e6e\" class=\"wp-block-list\">\n<li>Troubles anxieux<\/li>\n\n\n\n<li>Attaques de panique<\/li>\n\n\n\n<li>TOC<\/li>\n\n\n\n<li>Trouble anxieux g\u00e9n\u00e9ralis\u00e9<\/li>\n\n\n\n<li>phobies<\/li>\n\n\n\n<li>Syndr\u00f4me de Stress Post Traumatique\u2026<\/li>\n<\/ul>\n\n\n\n<h2 class=\"wp-block-heading\" id=\"block-df16b891-1397-46f8-a752-9de11be01b8a\"><em><strong>D\u00e9pression:<\/strong><\/em><\/h2>\n\n\n\n<figure class=\"wp-block-image is-resized is-style-rounded\" id=\"block-5daf65d2-896b-4679-9481-796ab2c2b07d\"><img decoding=\"async\" src=\"http:\/\/brainconnection.fr\/wp-content\/uploads\/2019\/02\/depression.jpg\" alt=\"La m\u00e9thode NeurOptimal lib\u00e8re de la d\u00e9pression\" style=\"width:278px;height:185px\"\/><\/figure>\n\n\n\n<p id=\"block-fef737ad-a085-46e4-a213-9bc46d2ba99e\">Travail, conjoint, enfant. La vie quotidienne n\u2019est pas de tout repos ! Comment g\u00e9rer le stress ou \u00e9viter les coups de blues ? Quels sont les moyens de maintenir une vie harmonieuse ? Se sentir en phase avec soi-m\u00eame et utiliser au mieux ses capacit\u00e9s est essentiel. Par exemple, apprendre \u00e0 s\u2019affirmer permet de mieux g\u00e9rer ses relations avec les autres. De m\u00eame, d\u00e9velopper sa cr\u00e9ativit\u00e9 et son intuition peuvent \u00eatre utile pour reprendre confiance en soi. En quelques dizaines d\u2019ann\u00e9es, la place de l\u2019homme dans la soci\u00e9t\u00e9 a \u00e9t\u00e9 largement boulevers\u00e9e. Au point que certains y perdent tous leurs rep\u00e8res ! Des complexes \u00e0 l\u2019anxi\u00e9t\u00e9 en passant par le stress, la d\u00e9pression ou les troubles du sommeil, Le&nbsp;<strong>Dynamical Neurofeedback<\/strong><sup><strong>\u00ae<\/strong><\/sup>&nbsp;peut vous aider \u00e0 chasser le mal-\u00eatre !<\/p>\n\n\n\n<h2 class=\"wp-block-heading\" id=\"block-be1a1442-d7a4-43eb-87a7-73c7dfe58bfe\"><em><strong>Troubles du sommeil :<\/strong><\/em><\/h2>\n\n\n\n<figure class=\"wp-block-image is-resized is-style-rounded\" id=\"block-bfe07d65-ef00-4b47-a8cb-bf898b434372\"><img decoding=\"async\" src=\"http:\/\/brainconnection.fr\/wp-content\/uploads\/2020\/05\/Troubles-du-sommeil.jpg\" alt=\"La m\u00e9thode NeurOptimal lib\u00e8re des troubles du sommeil\" style=\"width:342px;height:228px\"\/><\/figure>\n\n\n\n<p id=\"block-68dfa9df-08a4-47e1-967c-68ca33ad1c2b\"><em><strong>Et aussi :<\/strong><\/em><\/p>\n\n\n\n<ul id=\"block-a90e14b3-98d7-4bc7-af49-95edf13056d2\" class=\"wp-block-list\">\n<li>Troubles li\u00e9s \u00e0 la d\u00e9pendance (Alcool, tabac, drogues\u2026)<\/li>\n\n\n\n<li>Douleurs chroniques<\/li>\n\n\n\n<li>Migraines<\/li>\n\n\n\n<li>Acouph\u00e8nes<\/li>\n<\/ul>\n\n\n\n<h2 class=\"wp-block-heading\" id=\"block-7a56038a-4c62-4109-92b7-b44359b67184\"><strong>Pour les sportifs<\/strong><\/h2>\n\n\n\n<figure class=\"wp-block-image is-style-rounded\" id=\"block-1f5bcbad-864a-4816-864d-bb143230c072\"><img decoding=\"async\" src=\"http:\/\/brainconnection.fr\/wp-content\/uploads\/2019\/02\/images-3.jpg\" alt=\"La m\u00e9thode NeurOptimal pour les sportifs\"\/><\/figure>\n\n\n\n<p> <\/p>\n\n\n\n<p> <\/p>\n\n\n<div class=\"wp-block-image\">\n<figure class=\"aligncenter size-large is-resized\"><img loading=\"lazy\" decoding=\"async\" width=\"1024\" height=\"961\" src=\"https:\/\/www.dynamical-neurofeedback-brest.org\/wp-content\/uploads\/2024\/09\/Maison-des-Atypiques-phrase-1-1024x961.png\" alt=\"\" class=\"wp-image-193\" style=\"width:356px;height:auto\" srcset=\"https:\/\/www.dynamical-neurofeedback-brest.org\/wp-content\/uploads\/2024\/09\/Maison-des-Atypiques-phrase-1-1024x961.png 1024w, https:\/\/www.dynamical-neurofeedback-brest.org\/wp-content\/uploads\/2024\/09\/Maison-des-Atypiques-phrase-1-300x281.png 300w, https:\/\/www.dynamical-neurofeedback-brest.org\/wp-content\/uploads\/2024\/09\/Maison-des-Atypiques-phrase-1-768x721.png 768w, https:\/\/www.dynamical-neurofeedback-brest.org\/wp-content\/uploads\/2024\/09\/Maison-des-Atypiques-phrase-1.png 1408w\" sizes=\"auto, (max-width: 1024px) 100vw, 1024px\" \/><\/figure>\n<\/div>","protected":false},"excerpt":{"rendered":"<p>Simple et intuitif D\u00e9velopp\u00e9 par des psychologues cliniciens, la m\u00e9thode NeurOptimal&nbsp;\u00ae&nbsp;est le premier et le seul&nbsp;syst\u00e8me d&rsquo;entra\u00eenement c\u00e9r\u00e9bralDynamical Neurofeedback&nbsp;\u00ae&nbsp;au monde con\u00e7u pour un usage domestique et professionnel. La m\u00e9thode NeurOptimal Des d\u00e9couvertes r\u00e9centes ont r\u00e9volutionn\u00e9 l\u2019approche du comportement humain et en particulier celles concernant le fonctionnement c\u00e9r\u00e9bral. Notre cerveau est une structure dynamique capable de &#8230; <a title=\"QU\u2019EST-CE QUE NEUROPTIMAL\u00ae ?\" class=\"read-more\" href=\"https:\/\/www.dynamical-neurofeedback-brest.org\/\" aria-label=\"En savoir plus sur QU\u2019EST-CE QUE NEUROPTIMAL\u00ae ?\">Lire la suite<\/a><\/p>\n","protected":false},"author":1,"featured_media":0,"parent":0,"menu_order":0,"comment_status":"closed","ping_status":"closed","template":"","meta":{"footnotes":""},"class_list":["post-14","page","type-page","status-publish"],"_links":{"self":[{"href":"https:\/\/www.dynamical-neurofeedback-brest.org\/index.php\/wp-json\/wp\/v2\/pages\/14","targetHints":{"allow":["GET"]}}],"collection":[{"href":"https:\/\/www.dynamical-neurofeedback-brest.org\/index.php\/wp-json\/wp\/v2\/pages"}],"about":[{"href":"https:\/\/www.dynamical-neurofeedback-brest.org\/index.php\/wp-json\/wp\/v2\/types\/page"}],"author":[{"embeddable":true,"href":"https:\/\/www.dynamical-neurofeedback-brest.org\/index.php\/wp-json\/wp\/v2\/users\/1"}],"replies":[{"embeddable":true,"href":"https:\/\/www.dynamical-neurofeedback-brest.org\/index.php\/wp-json\/wp\/v2\/comments?post=14"}],"version-history":[{"count":5,"href":"https:\/\/www.dynamical-neurofeedback-brest.org\/index.php\/wp-json\/wp\/v2\/pages\/14\/revisions"}],"predecessor-version":[{"id":195,"href":"https:\/\/www.dynamical-neurofeedback-brest.org\/index.php\/wp-json\/wp\/v2\/pages\/14\/revisions\/195"}],"wp:attachment":[{"href":"https:\/\/www.dynamical-neurofeedback-brest.org\/index.php\/wp-json\/wp\/v2\/media?parent=14"}],"curies":[{"name":"wp","href":"https:\/\/api.w.org\/{rel}","templated":true}]}}